{"id":15606,"date":"2018-06-04T15:45:04","date_gmt":"2018-06-04T13:45:04","guid":{"rendered":"http:\/\/columbushotels.com\/restaurant-monaco\/"},"modified":"2025-09-30T16:33:25","modified_gmt":"2025-09-30T14:33:25","slug":"restaurant-monaco","status":"publish","type":"page","link":"https:\/\/www.columbushotels.com\/de\/restaurant-monaco\/","title":{"rendered":"Restaurant &#038; Bar"},"content":{"rendered":"<div id=\"pl-15606\"  class=\"panel-layout\" ><div id=\"pg-15606-0\"  class=\"panel-grid panel-no-style\" ><div id=\"pgc-15606-0-0\"  class=\"panel-grid-cell\" ><div id=\"panel-15606-0-0-0\" class=\"so-panel widget widget_sow-editor panel-first-child panel-last-child\" data-index=\"0\" ><div\n\t\t\t\n\t\t\tclass=\"so-widget-sow-editor so-widget-sow-editor-base\"\n\t\t\t\n\t\t>\n<div class=\"siteorigin-widget-tinymce textwidget\">\n\t<div class=\"lien_reservation\"><a href=\"de\/restaurant-monaco\/#tavolo\">Tavolo<\/a><\/div>\n<\/div>\n<\/div><\/div><\/div><div id=\"pgc-15606-0-1\"  class=\"panel-grid-cell panel-grid-cell-empty\" ><\/div><div id=\"pgc-15606-0-2\"  class=\"panel-grid-cell panel-grid-cell-empty\" ><\/div><div id=\"pgc-15606-0-3\"  class=\"panel-grid-cell\" ><div id=\"panel-15606-0-3-0\" class=\"so-panel widget widget_sow-editor panel-first-child panel-last-child\" data-index=\"1\" ><div\n\t\t\t\n\t\t\tclass=\"so-widget-sow-editor so-widget-sow-editor-base\"\n\t\t\t\n\t\t>\n<div class=\"siteorigin-widget-tinymce textwidget\">\n\t<div class=\"lien_reservation\"><a href=\"de\/restaurant-monaco\/#diebar\">Die BAR<\/a><\/div>\n<\/div>\n<\/div><\/div><\/div><\/div><div id=\"pg-15606-1\"  class=\"panel-grid panel-has-style\" ><div class=\"siteorigin-panels-stretch panel-row-style panel-row-style-for-15606-1\" data-stretch-type=\"full\" ><div id=\"pgc-15606-1-0\"  class=\"panel-grid-cell panel-grid-cell-empty\" ><\/div><div id=\"pgc-15606-1-1\"  class=\"panel-grid-cell panel-grid-cell-mobile-last\" ><div id=\"panel-15606-1-1-0\" class=\"so-panel widget widget_sow-slider panel-first-child panel-last-child\" data-index=\"2\" ><div\n\t\t\t\n\t\t\tclass=\"so-widget-sow-slider so-widget-sow-slider-default-27026a171f55-15606\"\n\t\t\t\n\t\t>\t\t\t\t<div class=\"sow-slider-base\" style=\"display: none\" tabindex=\"0\">\n\t\t\t\t\t<ul\n\t\t\t\t\tclass=\"sow-slider-images\"\n\t\t\t\t\tdata-settings=\"{&quot;pagination&quot;:true,&quot;speed&quot;:500,&quot;timeout&quot;:4999,&quot;paused&quot;:false,&quot;pause_on_hover&quot;:false,&quot;swipe&quot;:true,&quot;nav_always_show_desktop&quot;:&quot;&quot;,&quot;nav_always_show_mobile&quot;:&quot;&quot;,&quot;breakpoint&quot;:&quot;780px&quot;,&quot;unmute&quot;:false,&quot;anchor&quot;:null}\"\n\t\t\t\t\t\t\t\t\t\tdata-anchor-id=\"\"\n\t\t\t\t>\t\t<li class=\"sow-slider-image\" style=\"visibility: visible;\" >\n\t\t\t\t\t\t<img loading=\"lazy\" decoding=\"async\" width=\"1200\" height=\"675\" src=\"https:\/\/www.columbushotels.com\/wp-content\/uploads\/Terrace-Tavolo-slider.jpg\" class=\"sow-slider-background-image\" alt=\"Terrace-Tavolo-Columbus-Monte-Carlo\" style=\"\" srcset=\"https:\/\/www.columbushotels.com\/wp-content\/uploads\/Terrace-Tavolo-slider.jpg 1200w, https:\/\/www.columbushotels.com\/wp-content\/uploads\/Terrace-Tavolo-slider-300x169.jpg 300w, https:\/\/www.columbushotels.com\/wp-content\/uploads\/Terrace-Tavolo-slider-1024x576.jpg 1024w\" sizes=\"auto, (max-width: 1200px) 100vw, 1200px\" \/>\t\t<\/li>\n\t\t\t\t<li class=\"sow-slider-image\" style=\"visibility: hidden;\" >\n\t\t\t\t\t\t<img loading=\"lazy\" decoding=\"async\" width=\"1320\" height=\"990\" src=\"https:\/\/www.columbushotels.com\/wp-content\/uploads\/Spaghetti-aglio-olio-e-peperoncino-2.jpg\" class=\"sow-slider-background-image\" alt=\"Spaghetti-aglio-olio-e-peperoncino-Tavolo\" style=\"\" srcset=\"https:\/\/www.columbushotels.com\/wp-content\/uploads\/Spaghetti-aglio-olio-e-peperoncino-2.jpg 1320w, https:\/\/www.columbushotels.com\/wp-content\/uploads\/Spaghetti-aglio-olio-e-peperoncino-2-300x225.jpg 300w, https:\/\/www.columbushotels.com\/wp-content\/uploads\/Spaghetti-aglio-olio-e-peperoncino-2-1024x768.jpg 1024w\" sizes=\"auto, (max-width: 1320px) 100vw, 1320px\" \/>\t\t<\/li>\n\t\t\t\t<li class=\"sow-slider-image\" style=\"visibility: hidden;\" >\n\t\t\t\t\t\t<img loading=\"lazy\" decoding=\"async\" width=\"1320\" height=\"990\" src=\"https:\/\/www.columbushotels.com\/wp-content\/uploads\/tavolo-fritto-misto.jpg\" class=\"sow-slider-background-image\" alt=\"tavolo-fritto-misto\" style=\"\" srcset=\"https:\/\/www.columbushotels.com\/wp-content\/uploads\/tavolo-fritto-misto.jpg 1320w, https:\/\/www.columbushotels.com\/wp-content\/uploads\/tavolo-fritto-misto-300x225.jpg 300w, https:\/\/www.columbushotels.com\/wp-content\/uploads\/tavolo-fritto-misto-1024x768.jpg 1024w\" sizes=\"auto, (max-width: 1320px) 100vw, 1320px\" \/>\t\t<\/li>\n\t\t\t\t<li class=\"sow-slider-image\" style=\"visibility: hidden;\" >\n\t\t\t\t\t\t<img loading=\"lazy\" decoding=\"async\" width=\"1980\" height=\"1320\" src=\"https:\/\/www.columbushotels.com\/wp-content\/uploads\/Salade-caprese.jpg\" class=\"sow-slider-background-image\" alt=\"tavolo-Salade-caprese\" style=\"\" srcset=\"https:\/\/www.columbushotels.com\/wp-content\/uploads\/Salade-caprese.jpg 1980w, https:\/\/www.columbushotels.com\/wp-content\/uploads\/Salade-caprese-300x200.jpg 300w, https:\/\/www.columbushotels.com\/wp-content\/uploads\/Salade-caprese-1024x683.jpg 1024w, https:\/\/www.columbushotels.com\/wp-content\/uploads\/Salade-caprese-1536x1024.jpg 1536w, https:\/\/www.columbushotels.com\/wp-content\/uploads\/Salade-caprese-272x182.jpg 272w\" sizes=\"auto, (max-width: 1980px) 100vw, 1980px\" \/>\t\t<\/li>\n\t\t\t\t<li class=\"sow-slider-image\" style=\"visibility: hidden;\" >\n\t\t\t\t\t\t<img loading=\"lazy\" decoding=\"async\" width=\"1200\" height=\"676\" src=\"https:\/\/www.columbushotels.com\/wp-content\/uploads\/glaces-artisanales-@banso-5-1.jpg\" class=\"sow-slider-background-image\" alt=\"\" style=\"\" srcset=\"https:\/\/www.columbushotels.com\/wp-content\/uploads\/glaces-artisanales-@banso-5-1.jpg 1200w, https:\/\/www.columbushotels.com\/wp-content\/uploads\/glaces-artisanales-@banso-5-1-300x169.jpg 300w, https:\/\/www.columbushotels.com\/wp-content\/uploads\/glaces-artisanales-@banso-5-1-1024x577.jpg 1024w\" sizes=\"auto, (max-width: 1200px) 100vw, 1200px\" \/>\t\t<\/li>\n\t\t\t\t<li class=\"sow-slider-image\" style=\"visibility: hidden;\" >\n\t\t\t\t\t\t<img loading=\"lazy\" decoding=\"async\" width=\"1920\" height=\"1462\" src=\"https:\/\/www.columbushotels.com\/wp-content\/uploads\/Tavolo-Restaurant-Engage.jpg\" class=\"sow-slider-background-image\" alt=\"Tavolo-Restaurant-Engag\u00e9\" style=\"\" srcset=\"https:\/\/www.columbushotels.com\/wp-content\/uploads\/Tavolo-Restaurant-Engage.jpg 1920w, https:\/\/www.columbushotels.com\/wp-content\/uploads\/Tavolo-Restaurant-Engage-300x228.jpg 300w, https:\/\/www.columbushotels.com\/wp-content\/uploads\/Tavolo-Restaurant-Engage-1024x780.jpg 1024w, https:\/\/www.columbushotels.com\/wp-content\/uploads\/Tavolo-Restaurant-Engage-1536x1170.jpg 1536w\" sizes=\"auto, (max-width: 1920px) 100vw, 1920px\" \/>\t\t<\/li>\n\t\t\t\t<li class=\"sow-slider-image\" style=\"visibility: hidden;\" >\n\t\t\t\t\t\t<img loading=\"lazy\" decoding=\"async\" width=\"1050\" height=\"700\" src=\"https:\/\/www.columbushotels.com\/wp-content\/uploads\/Tavolo-indoor-dining.jpg\" class=\"sow-slider-background-image\" alt=\"Tavolo -Restaurant-Columbus Monte-Carlo -indoor dining\" style=\"\" srcset=\"https:\/\/www.columbushotels.com\/wp-content\/uploads\/Tavolo-indoor-dining.jpg 1050w, https:\/\/www.columbushotels.com\/wp-content\/uploads\/Tavolo-indoor-dining-300x200.jpg 300w, https:\/\/www.columbushotels.com\/wp-content\/uploads\/Tavolo-indoor-dining-1024x683.jpg 1024w, https:\/\/www.columbushotels.com\/wp-content\/uploads\/Tavolo-indoor-dining-272x182.jpg 272w\" sizes=\"auto, (max-width: 1050px) 100vw, 1050px\" \/>\t\t<\/li>\n\t\t<\/ul>\t\t\t\t<ol class=\"sow-slider-pagination\">\n\t\t\t\t\t\t\t\t\t\t\t<li><a href=\"#\" data-goto=\"0\" aria-label=\"Display slide 1\"><\/a><\/li>\n\t\t\t\t\t\t\t\t\t\t\t<li><a href=\"#\" data-goto=\"1\" aria-label=\"Display slide 2\"><\/a><\/li>\n\t\t\t\t\t\t\t\t\t\t\t<li><a href=\"#\" data-goto=\"2\" aria-label=\"Display slide 3\"><\/a><\/li>\n\t\t\t\t\t\t\t\t\t\t\t<li><a href=\"#\" data-goto=\"3\" aria-label=\"Display slide 4\"><\/a><\/li>\n\t\t\t\t\t\t\t\t\t\t\t<li><a href=\"#\" data-goto=\"4\" aria-label=\"Display slide 5\"><\/a><\/li>\n\t\t\t\t\t\t\t\t\t\t\t<li><a href=\"#\" data-goto=\"5\" aria-label=\"Display slide 6\"><\/a><\/li>\n\t\t\t\t\t\t\t\t\t\t\t<li><a href=\"#\" data-goto=\"6\" aria-label=\"Display slide 7\"><\/a><\/li>\n\t\t\t\t\t\t\t\t\t<\/ol>\n\n\t\t\t\t<div class=\"sow-slide-nav sow-slide-nav-next\">\n\t\t\t\t\t<a href=\"#\" data-goto=\"next\" aria-label=\"Next slide\" data-action=\"next\">\n\t\t\t\t\t\t<em class=\"sow-sld-icon-medium-right\"><\/em>\n\t\t\t\t\t<\/a>\n\t\t\t\t<\/div>\n\n\t\t\t\t<div class=\"sow-slide-nav sow-slide-nav-prev\">\n\t\t\t\t\t<a href=\"#\" data-goto=\"previous\" aria-label=\"Previous slide\" data-action=\"prev\">\n\t\t\t\t\t\t<em class=\"sow-sld-icon-medium-left\"><\/em>\n\t\t\t\t\t<\/a>\n\t\t\t\t<\/div>\n\t\t\t\t<\/div><\/div><\/div><\/div><div id=\"pgc-15606-1-2\"  class=\"panel-grid-cell panel-grid-cell-empty\" ><\/div><\/div><\/div><div id=\"pg-15606-2\"  class=\"panel-grid panel-no-style\" ><div id=\"pgc-15606-2-0\"  class=\"panel-grid-cell\" ><div id=\"panel-15606-2-0-0\" class=\"so-panel widget widget_sow-editor panel-first-child panel-last-child\" data-index=\"3\" ><div\n\t\t\t\n\t\t\tclass=\"so-widget-sow-editor so-widget-sow-editor-base\"\n\t\t\t\n\t\t>\n<div class=\"siteorigin-widget-tinymce textwidget\">\n\t<p>&nbsp;<\/p>\n<h2>RESTAURANT tavolo<\/h2>\n<p>Unser Restaurant Tavolo ist montags bis freitags von 6.30 bis 10.00 Uhr f\u00fcrs Fr\u00fchst\u00fcck ge\u00f6ffnet. Am Wochenende wird das Fr\u00fchst\u00fcck bis 10:30 Uhr serviert. Mittagessen (Men\u00fcs nur wochentags, Feiertage ausgenommen) montags bis freitags von 12:00 bis 14:30 Uhr.<\/p>\n<p>&nbsp;<\/p>\n<p><a style=\"color: #c28111; text-decoration: underline;\" href=\"https:\/\/columbushotels.com\/wp-content\/uploads\/Menu_Tavolo_la_carte.pdf\" target=\"_blank\" rel=\"noopener noreferrer\">MEN\u00dc ANSEHEN<\/a><\/p>\n<p>&nbsp;<\/p>\n<p>Tavolo serviert gehobene mediterrane und regionale K\u00fcche. Wir achten auf die Herkunft und die Qualit\u00e4t unserer Rohstoffe und verwenden ausschlie\u00dflich regionale und frische Lebensmittel zur Zubereitung unserer Speisen. Tavolo wurde f\u00fcr sein Engagement mit dem Label 'Restaurant Engag\u00e9' ausgezeichnet. Wir bieten eine saisonal wechselnde Karte und Tagesgerichte an.<\/p>\n<p>&nbsp;<\/p>\n<p>Bei sch\u00f6nem Wetter laden wir Sie ein, unsere Terrasse mit Blick auf den Prinzessin Grace Rosengarten zu genie\u00dfen!<\/p>\n<p>&nbsp;<\/p>\n<p>Sie k\u00f6nnen auch Getr\u00e4nke und Speisen unseres\u00a0 <span style=\"color: #c28111;\"><a style=\"color: #c28111;\" href=\"https:\/\/columbushotels.com\/wp-content\/uploads\/Lobby-Menu-Columbus-Monte-Carlo.pdf\" target=\"_blank\" rel=\"noopener noreferrer\">LOBBYMEN\u00dcS<\/a><\/span> zum Verzehr in der Lobby oder auf der Terrasse zwischen 7:00 Uhr und 16.00 Uhr bestellen.<\/p>\n<p>&nbsp;<\/p>\n<p>&nbsp;<\/p>\n<p>Hotelg\u00e4ste k\u00f6nnen dar\u00fcber hinaus auch rund um die Uhr Speisen von unserem <span style=\"color: #c28111;\"><span style=\"color: #c28111;\"><a style=\"color: #c28111;\" href=\"https:\/\/columbushotels.com\/wp-content\/uploads\/Room_Service_Menu_Columbus-Monte-Carlo.pdf\" target=\"_blank\" rel=\"noopener noreferrer\">ROOM SERVICE MEN\u00dc<\/a><\/span><\/span> bestellen.<\/p>\n<p>&nbsp;<\/p>\n<p>&nbsp;<\/p>\n<p>Sie k\u00f6nnen Ihren Tisch <span style=\"text-decoration: underline;\"><strong><a href=\"https:\/\/tavolomc.com\/en\/?utm_source=website&amp;utm_medium=post&amp;utm_campaign=tavolo#bookyourtable\">online<\/a><\/strong><\/span> oder telefonisch (+377 92 05 82 35)\u00a0 reservieren.<\/p>\n<p>&nbsp;<\/p>\n<p>&nbsp;<\/p>\n<p style=\"text-align: left;\">Besuchen Sie doch auch unsere Webseite (englisch\/franz\u00f6sisch) :<\/p>\n<\/div>\n<\/div><\/div><\/div><\/div><div id=\"pg-15606-3\"  class=\"panel-grid panel-no-style\" ><div id=\"pgc-15606-3-0\"  class=\"panel-grid-cell\" ><div id=\"panel-15606-3-0-0\" class=\"so-panel widget widget_sow-editor panel-first-child panel-last-child\" data-index=\"4\" ><div\n\t\t\t\n\t\t\tclass=\"so-widget-sow-editor so-widget-sow-editor-base\"\n\t\t\t\n\t\t>\n<div class=\"siteorigin-widget-tinymce textwidget\">\n\t<p><iframe loading=\"lazy\" src=\"https:\/\/tavolomc.com\/en\/\" name=\"Tavolo\" width=\"100%\" height=\"700px\" frameborder=\"no\" scrolling=\"yes\"><\/iframe><\/p>\n<\/div>\n<\/div><\/div><\/div><\/div><div id=\"pg-15606-4\"  class=\"panel-grid panel-no-style\" ><div id=\"pgc-15606-4-0\"  class=\"panel-grid-cell\" ><div id=\"panel-15606-4-0-0\" class=\"so-panel widget widget_sow-editor panel-first-child panel-last-child\" data-index=\"5\" ><div\n\t\t\t\n\t\t\tclass=\"so-widget-sow-editor so-widget-sow-editor-base\"\n\t\t\t\n\t\t>\n<div class=\"siteorigin-widget-tinymce textwidget\">\n\t<p>&nbsp;<\/p>\n<div id=\"diebar\"><\/div>\n<h2>DIE BAR<\/h2>\n<p>&nbsp;<\/p>\n<p>G\u00e4ste und Einheimische zugleich sch\u00e4tzen unsere klassische Cocktailbar, die elegantes Design und gem\u00fctliches Ambiente vereint. Unsere Mixologen bereiten Ihnen aus einer gro\u00dfen Auswahl an Spirituosen und frischesten Zutaten mit gro\u00dfem Geschick und Liebe zum Detail Ihren neuen Lieblings-Cocktail zu.<\/p>\n<p>&nbsp;<\/p>\n<p>Unsere Cocktailbar ist jeden Tag von 16H bis 23H mit einem <span style=\"color: #c28111;\"><a style=\"color: #c28111;\" href=\"https:\/\/columbushotels.com\/wp-content\/uploads\/Columbus-Monte-Carlo-Bar-Menu.pdf\" target=\"_blank\" rel=\"noopener noreferrer\">DRINK &amp; DINE<\/a> <\/span>Konzept\u00a0 ge\u00f6ffnet und bietet einen monatlich wechselnden Cocktail in limitierter Edition an.<\/p>\n<p>&nbsp;<\/p>\n<\/div>\n<\/div><\/div><\/div><\/div><div id=\"pg-15606-5\"  class=\"panel-grid panel-has-style\" ><div class=\"siteorigin-panels-stretch panel-row-style panel-row-style-for-15606-5\" data-stretch-type=\"full\" ><div id=\"pgc-15606-5-0\"  class=\"panel-grid-cell panel-grid-cell-empty\" ><\/div><div id=\"pgc-15606-5-1\"  class=\"panel-grid-cell panel-grid-cell-mobile-last\" ><div id=\"panel-15606-5-1-0\" class=\"so-panel widget widget_sow-slider panel-first-child panel-last-child\" data-index=\"6\" ><div\n\t\t\t\n\t\t\tclass=\"so-widget-sow-slider so-widget-sow-slider-default-27026a171f55-15606\"\n\t\t\t\n\t\t>\t\t\t\t<div class=\"sow-slider-base\" style=\"display: none\" tabindex=\"0\">\n\t\t\t\t\t<ul\n\t\t\t\t\tclass=\"sow-slider-images\"\n\t\t\t\t\tdata-settings=\"{&quot;pagination&quot;:true,&quot;speed&quot;:500,&quot;timeout&quot;:4999,&quot;paused&quot;:false,&quot;pause_on_hover&quot;:false,&quot;swipe&quot;:true,&quot;nav_always_show_desktop&quot;:&quot;&quot;,&quot;nav_always_show_mobile&quot;:&quot;&quot;,&quot;breakpoint&quot;:&quot;780px&quot;,&quot;unmute&quot;:false,&quot;anchor&quot;:null}\"\n\t\t\t\t\t\t\t\t\t\tdata-anchor-id=\"\"\n\t\t\t\t>\t\t<li class=\"sow-slider-image\" style=\"visibility: visible;\" >\n\t\t\t\t\t\t<img loading=\"lazy\" decoding=\"async\" width=\"2560\" height=\"1920\" src=\"https:\/\/www.columbushotels.com\/wp-content\/uploads\/the-bar-columbus-hotel-monte-carlo-bartender-scaled.jpg\" class=\"sow-slider-background-image\" alt=\"\" style=\"\" srcset=\"https:\/\/www.columbushotels.com\/wp-content\/uploads\/the-bar-columbus-hotel-monte-carlo-bartender-scaled.jpg 2560w, https:\/\/www.columbushotels.com\/wp-content\/uploads\/the-bar-columbus-hotel-monte-carlo-bartender-300x225.jpg 300w, https:\/\/www.columbushotels.com\/wp-content\/uploads\/the-bar-columbus-hotel-monte-carlo-bartender-1024x768.jpg 1024w, https:\/\/www.columbushotels.com\/wp-content\/uploads\/the-bar-columbus-hotel-monte-carlo-bartender-1536x1152.jpg 1536w, https:\/\/www.columbushotels.com\/wp-content\/uploads\/the-bar-columbus-hotel-monte-carlo-bartender-2048x1536.jpg 2048w\" sizes=\"auto, (max-width: 2560px) 100vw, 2560px\" \/>\t\t<\/li>\n\t\t\t\t<li class=\"sow-slider-image\" style=\"visibility: hidden;\" >\n\t\t\t\t\t\t<img loading=\"lazy\" decoding=\"async\" width=\"1200\" height=\"675\" src=\"https:\/\/www.columbushotels.com\/wp-content\/uploads\/cocktail-1200-Copy.jpg\" class=\"sow-slider-background-image\" alt=\"Bar-Columbus-Monte-Carlo\" style=\"\" srcset=\"https:\/\/www.columbushotels.com\/wp-content\/uploads\/cocktail-1200-Copy.jpg 1200w, https:\/\/www.columbushotels.com\/wp-content\/uploads\/cocktail-1200-Copy-300x169.jpg 300w, https:\/\/www.columbushotels.com\/wp-content\/uploads\/cocktail-1200-Copy-1024x576.jpg 1024w\" sizes=\"auto, (max-width: 1200px) 100vw, 1200px\" \/>\t\t<\/li>\n\t\t\t\t<li class=\"sow-slider-image\" style=\"visibility: hidden;\" >\n\t\t\t\t\t\t<img loading=\"lazy\" decoding=\"async\" width=\"1200\" height=\"675\" src=\"https:\/\/www.columbushotels.com\/wp-content\/uploads\/Cocktail-Bramble-racing-car-Columbus-Monte-Carlo-lobby.jpg\" class=\"sow-slider-background-image\" alt=\"Cocktail-Bramble-racing-car-Columbus-Monte-Carlo-lobby\" style=\"\" srcset=\"https:\/\/www.columbushotels.com\/wp-content\/uploads\/Cocktail-Bramble-racing-car-Columbus-Monte-Carlo-lobby.jpg 1200w, https:\/\/www.columbushotels.com\/wp-content\/uploads\/Cocktail-Bramble-racing-car-Columbus-Monte-Carlo-lobby-300x169.jpg 300w, https:\/\/www.columbushotels.com\/wp-content\/uploads\/Cocktail-Bramble-racing-car-Columbus-Monte-Carlo-lobby-1024x576.jpg 1024w\" sizes=\"auto, (max-width: 1200px) 100vw, 1200px\" \/>\t\t<\/li>\n\t\t\t\t<li class=\"sow-slider-image\" style=\"visibility: hidden;\" >\n\t\t\t\t\t\t<img loading=\"lazy\" decoding=\"async\" width=\"1200\" height=\"675\" src=\"https:\/\/www.columbushotels.com\/wp-content\/uploads\/Lobby-Menu.jpg\" class=\"sow-slider-background-image\" alt=\"Lobby-Menu\" style=\"\" srcset=\"https:\/\/www.columbushotels.com\/wp-content\/uploads\/Lobby-Menu.jpg 1200w, https:\/\/www.columbushotels.com\/wp-content\/uploads\/Lobby-Menu-300x169.jpg 300w, https:\/\/www.columbushotels.com\/wp-content\/uploads\/Lobby-Menu-1024x576.jpg 1024w\" sizes=\"auto, (max-width: 1200px) 100vw, 1200px\" \/>\t\t<\/li>\n\t\t\t\t<li class=\"sow-slider-image\" style=\"visibility: hidden;\" >\n\t\t\t\t\t\t<img loading=\"lazy\" decoding=\"async\" width=\"2560\" height=\"1920\" src=\"https:\/\/www.columbushotels.com\/wp-content\/uploads\/Spring-Fizz-and-Peach-Cloud-alcohol-free-the-bar-scaled.jpg\" class=\"sow-slider-background-image\" alt=\"Spring-Fizz-and-Peach-Cloud-alcohol-free-the-bar\" style=\"\" srcset=\"https:\/\/www.columbushotels.com\/wp-content\/uploads\/Spring-Fizz-and-Peach-Cloud-alcohol-free-the-bar-scaled.jpg 2560w, https:\/\/www.columbushotels.com\/wp-content\/uploads\/Spring-Fizz-and-Peach-Cloud-alcohol-free-the-bar-300x225.jpg 300w, https:\/\/www.columbushotels.com\/wp-content\/uploads\/Spring-Fizz-and-Peach-Cloud-alcohol-free-the-bar-1024x768.jpg 1024w, https:\/\/www.columbushotels.com\/wp-content\/uploads\/Spring-Fizz-and-Peach-Cloud-alcohol-free-the-bar-1536x1152.jpg 1536w, https:\/\/www.columbushotels.com\/wp-content\/uploads\/Spring-Fizz-and-Peach-Cloud-alcohol-free-the-bar-2048x1536.jpg 2048w\" sizes=\"auto, (max-width: 2560px) 100vw, 2560px\" \/>\t\t<\/li>\n\t\t\t\t<li class=\"sow-slider-image\" style=\"visibility: hidden;\" >\n\t\t\t\t\t\t<img loading=\"lazy\" decoding=\"async\" width=\"1200\" height=\"675\" src=\"https:\/\/www.columbushotels.com\/wp-content\/uploads\/Bar-slider.jpg\" class=\"sow-slider-background-image\" alt=\"The-bar-Columbus-Monte-Carlo\" style=\"\" srcset=\"https:\/\/www.columbushotels.com\/wp-content\/uploads\/Bar-slider.jpg 1200w, https:\/\/www.columbushotels.com\/wp-content\/uploads\/Bar-slider-300x169.jpg 300w, https:\/\/www.columbushotels.com\/wp-content\/uploads\/Bar-slider-1024x576.jpg 1024w\" sizes=\"auto, (max-width: 1200px) 100vw, 1200px\" \/>\t\t<\/li>\n\t\t<\/ul>\t\t\t\t<ol class=\"sow-slider-pagination\">\n\t\t\t\t\t\t\t\t\t\t\t<li><a href=\"#\" data-goto=\"0\" aria-label=\"Display slide 1\"><\/a><\/li>\n\t\t\t\t\t\t\t\t\t\t\t<li><a href=\"#\" data-goto=\"1\" aria-label=\"Display slide 2\"><\/a><\/li>\n\t\t\t\t\t\t\t\t\t\t\t<li><a href=\"#\" data-goto=\"2\" aria-label=\"Display slide 3\"><\/a><\/li>\n\t\t\t\t\t\t\t\t\t\t\t<li><a href=\"#\" data-goto=\"3\" aria-label=\"Display slide 4\"><\/a><\/li>\n\t\t\t\t\t\t\t\t\t\t\t<li><a href=\"#\" data-goto=\"4\" aria-label=\"Display slide 5\"><\/a><\/li>\n\t\t\t\t\t\t\t\t\t\t\t<li><a href=\"#\" data-goto=\"5\" aria-label=\"Display slide 6\"><\/a><\/li>\n\t\t\t\t\t\t\t\t\t<\/ol>\n\n\t\t\t\t<div class=\"sow-slide-nav sow-slide-nav-next\">\n\t\t\t\t\t<a href=\"#\" data-goto=\"next\" aria-label=\"Next slide\" data-action=\"next\">\n\t\t\t\t\t\t<em class=\"sow-sld-icon-medium-right\"><\/em>\n\t\t\t\t\t<\/a>\n\t\t\t\t<\/div>\n\n\t\t\t\t<div class=\"sow-slide-nav sow-slide-nav-prev\">\n\t\t\t\t\t<a href=\"#\" data-goto=\"previous\" aria-label=\"Previous slide\" data-action=\"prev\">\n\t\t\t\t\t\t<em class=\"sow-sld-icon-medium-left\"><\/em>\n\t\t\t\t\t<\/a>\n\t\t\t\t<\/div>\n\t\t\t\t<\/div><\/div><\/div><\/div><div id=\"pgc-15606-5-2\"  class=\"panel-grid-cell panel-grid-cell-empty\" ><\/div><\/div><\/div><\/div>","protected":false},"excerpt":{"rendered":"<p>Tavolo Die BAR<\/p>\n","protected":false},"author":4,"featured_media":0,"parent":0,"menu_order":95,"comment_status":"closed","ping_status":"closed","template":"","meta":{"footnotes":""},"class_list":["post-15606","page","type-page","status-publish","hentry"],"yoast_head":"<!-- This site is optimized with the Yoast SEO plugin v27.3 - https:\/\/yoast.com\/product\/yoast-seo-wordpress\/ -->\n<title>Restaurant &amp; Bar - Columbus Monte-Carlo<\/title>\n<meta name=\"description\" content=\"Restaurant TAVOLO mit Terrasse. Mediterrane K\u00fcche und Tageskarte. Von Montag bis Freitag von 12:00 Uhr bis 14:30 Uhr ge\u00f6ffnet. Cocktailbar t\u00e4glich von 16 Uhr bis 23 Uhr.\" \/>\n<meta name=\"robots\" content=\"index, follow, max-snippet:-1, max-image-preview:large, max-video-preview:-1\" \/>\n<link rel=\"canonical\" href=\"https:\/\/columbushotels.com\/de\/restaurant-monaco\/\" \/>\n<meta property=\"og:locale\" content=\"de_DE\" \/>\n<meta property=\"og:type\" content=\"article\" \/>\n<meta property=\"og:title\" content=\"Restaurant &amp; Bar - Columbus Monte-Carlo\" \/>\n<meta property=\"og:description\" content=\"Restaurant TAVOLO mit Terrasse. Mediterrane K\u00fcche und Tageskarte. Von Montag bis Freitag von 12:00 Uhr bis 14:30 Uhr ge\u00f6ffnet. Cocktailbar t\u00e4glich von 16 Uhr bis 23 Uhr.\" \/>\n<meta property=\"og:url\" content=\"https:\/\/columbushotels.com\/de\/restaurant-monaco\/\" \/>\n<meta property=\"og:site_name\" content=\"Columbus Monte-Carlo\" \/>\n<meta property=\"article:publisher\" content=\"https:\/\/www.facebook.com\/ColumbusMonteCarlo\" \/>\n<meta property=\"article:modified_time\" content=\"2025-09-30T14:33:25+00:00\" \/>\n<meta name=\"twitter:label1\" content=\"Gesch\u00e4tzte Lesezeit\" \/>\n\t<meta name=\"twitter:data1\" content=\"5\u00a0Minuten\" \/>\n<!-- \/ Yoast SEO plugin. -->","yoast_head_json":{"title":"Restaurant & Bar - Columbus Monte-Carlo","description":"Restaurant TAVOLO mit Terrasse. Mediterrane K\u00fcche und Tageskarte. Von Montag bis Freitag von 12:00 Uhr bis 14:30 Uhr ge\u00f6ffnet. Cocktailbar t\u00e4glich von 16 Uhr bis 23 Uhr.","robots":{"index":"index","follow":"follow","max-snippet":"max-snippet:-1","max-image-preview":"max-image-preview:large","max-video-preview":"max-video-preview:-1"},"canonical":"https:\/\/columbushotels.com\/de\/restaurant-monaco\/","og_locale":"de_DE","og_type":"article","og_title":"Restaurant & Bar - Columbus Monte-Carlo","og_description":"Restaurant TAVOLO mit Terrasse. Mediterrane K\u00fcche und Tageskarte. Von Montag bis Freitag von 12:00 Uhr bis 14:30 Uhr ge\u00f6ffnet. Cocktailbar t\u00e4glich von 16 Uhr bis 23 Uhr.","og_url":"https:\/\/columbushotels.com\/de\/restaurant-monaco\/","og_site_name":"Columbus Monte-Carlo","article_publisher":"https:\/\/www.facebook.com\/ColumbusMonteCarlo","article_modified_time":"2025-09-30T14:33:25+00:00","twitter_misc":{"Gesch\u00e4tzte Lesezeit":"5\u00a0Minuten"},"schema":{"@context":"https:\/\/schema.org","@graph":[{"@type":"WebPage","@id":"https:\/\/columbushotels.com\/de\/restaurant-monaco\/","url":"https:\/\/columbushotels.com\/de\/restaurant-monaco\/","name":"Restaurant & Bar - Columbus Monte-Carlo","isPartOf":{"@id":"https:\/\/www.columbushotels.com\/#website"},"datePublished":"2018-06-04T13:45:04+00:00","dateModified":"2025-09-30T14:33:25+00:00","description":"Restaurant TAVOLO mit Terrasse. Mediterrane K\u00fcche und Tageskarte. Von Montag bis Freitag von 12:00 Uhr bis 14:30 Uhr ge\u00f6ffnet. Cocktailbar t\u00e4glich von 16 Uhr bis 23 Uhr.","breadcrumb":{"@id":"https:\/\/columbushotels.com\/de\/restaurant-monaco\/#breadcrumb"},"inLanguage":"de","potentialAction":[{"@type":"ReadAction","target":["https:\/\/columbushotels.com\/de\/restaurant-monaco\/"]}]},{"@type":"BreadcrumbList","@id":"https:\/\/columbushotels.com\/de\/restaurant-monaco\/#breadcrumb","itemListElement":[{"@type":"ListItem","position":1,"name":"Accueil","item":"https:\/\/www.columbushotels.com\/"},{"@type":"ListItem","position":2,"name":"Restaurant &#038; Bar"}]},{"@type":"WebSite","@id":"https:\/\/www.columbushotels.com\/#website","url":"https:\/\/www.columbushotels.com\/","name":"Columbus Monte-Carlo","description":"","publisher":{"@id":"https:\/\/www.columbushotels.com\/#organization"},"potentialAction":[{"@type":"SearchAction","target":{"@type":"EntryPoint","urlTemplate":"https:\/\/www.columbushotels.com\/?s={search_term_string}"},"query-input":{"@type":"PropertyValueSpecification","valueRequired":true,"valueName":"search_term_string"}}],"inLanguage":"de"},{"@type":"Organization","@id":"https:\/\/www.columbushotels.com\/#organization","name":"Columbus Monte-Carlo","url":"https:\/\/www.columbushotels.com\/","logo":{"@type":"ImageObject","inLanguage":"de","@id":"https:\/\/www.columbushotels.com\/#\/schema\/logo\/image\/","url":"https:\/\/www.columbushotels.com\/wp-content\/uploads\/icon-tablette.png","contentUrl":"https:\/\/www.columbushotels.com\/wp-content\/uploads\/icon-tablette.png","width":144,"height":144,"caption":"Columbus Monte-Carlo"},"image":{"@id":"https:\/\/www.columbushotels.com\/#\/schema\/logo\/image\/"},"sameAs":["https:\/\/www.facebook.com\/ColumbusMonteCarlo","https:\/\/x.com\/ColumbusMC","https:\/\/www.instagram.com\/columbusmchotel","https:\/\/www.linkedin.com\/company\/1316137"]}]}},"_links":{"self":[{"href":"https:\/\/www.columbushotels.com\/de\/wp-json\/wp\/v2\/pages\/15606","targetHints":{"allow":["GET"]}}],"collection":[{"href":"https:\/\/www.columbushotels.com\/de\/wp-json\/wp\/v2\/pages"}],"about":[{"href":"https:\/\/www.columbushotels.com\/de\/wp-json\/wp\/v2\/types\/page"}],"author":[{"embeddable":true,"href":"https:\/\/www.columbushotels.com\/de\/wp-json\/wp\/v2\/users\/4"}],"replies":[{"embeddable":true,"href":"https:\/\/www.columbushotels.com\/de\/wp-json\/wp\/v2\/comments?post=15606"}],"version-history":[{"count":5,"href":"https:\/\/www.columbushotels.com\/de\/wp-json\/wp\/v2\/pages\/15606\/revisions"}],"predecessor-version":[{"id":42254,"href":"https:\/\/www.columbushotels.com\/de\/wp-json\/wp\/v2\/pages\/15606\/revisions\/42254"}],"wp:attachment":[{"href":"https:\/\/www.columbushotels.com\/de\/wp-json\/wp\/v2\/media?parent=15606"}],"curies":[{"name":"wp","href":"https:\/\/api.w.org\/{rel}","templated":true}]}}